{"id":33,"date":"2024-04-28T11:37:54","date_gmt":"2024-04-28T09:37:54","guid":{"rendered":"https:\/\/www.fitness-et-danse-gembloux.be\/?page_id=33"},"modified":"2025-09-02T10:57:00","modified_gmt":"2025-09-02T08:57:00","slug":"cuisses-abdos-fessiers-caf","status":"publish","type":"page","link":"https:\/\/www.silhouette-danse.be\/index.php\/cuisses-abdos-fessiers-caf\/","title":{"rendered":"CAF &#8211; Cuisses-Abdos-Fessiers"},"content":{"rendered":"\n<figure class=\"wp-block-gallery has-nested-images columns-default is-cropped wp-block-gallery-1 is-layout-flex wp-block-gallery-is-layout-flex\">\n<figure class=\"wp-block-image size-full\"><img loading=\"lazy\" decoding=\"async\" width=\"500\" height=\"500\" data-id=\"324\" src=\"https:\/\/www.silhouette-danse.be\/wp-content\/uploads\/2025\/05\/fitness-gembloux.jpg\" alt=\"\" class=\"wp-image-324\" srcset=\"https:\/\/www.silhouette-danse.be\/wp-content\/uploads\/2025\/05\/fitness-gembloux.jpg 500w, https:\/\/www.silhouette-danse.be\/wp-content\/uploads\/2025\/05\/fitness-gembloux-300x300.jpg 300w, https:\/\/www.silhouette-danse.be\/wp-content\/uploads\/2025\/05\/fitness-gembloux-400x400.jpg 400w\" sizes=\"auto, (max-width: 500px) 100vw, 500px\" \/><\/figure>\n<\/figure>\n\n\n\n<div class=\"wp-block-columns is-layout-flex wp-container-core-columns-is-layout-9d6595d7 wp-block-columns-is-layout-flex\">\n<div class=\"wp-block-column is-layout-flow wp-block-column-is-layout-flow\">\n<p class=\"has-white-background-color has-background\"><strong><mark style=\"background-color:#ffffff\" class=\"has-inline-color has-black-color\">C&rsquo;est quoi ?&nbsp;<\/mark><\/strong><br>Un cours musculaire intensif pour les abdos, les fessiers, les jambes. <br>Vous allez appr\u00e9cier l&rsquo;entra\u00eenement, vous adorerez le r\u00e9sultat rapide. \ud83d\ude03<br>J&rsquo;ai utilis\u00e9&nbsp;plusieurs m\u00e9thodes diff\u00e9rentes pour \u00e9laborer&nbsp;ce plan d&rsquo;entra\u00eenement qui \u00e9volue au fil des semaines.<br>Il y a beaucoup de notions diff\u00e9rentes dont celles du cours de&nbsp;Pilates qui interviendront dans le programme. <br><\/p>\n<\/div>\n<\/div>\n\n\n\n<figure class=\"wp-block-gallery has-nested-images columns-default is-cropped wp-block-gallery-2 is-layout-flex wp-block-gallery-is-layout-flex\">\n<figure class=\"wp-block-image size-large\"><img loading=\"lazy\" decoding=\"async\" width=\"500\" height=\"500\" data-id=\"267\" src=\"https:\/\/www.silhouette-danse.be\/wp-content\/uploads\/2025\/04\/abdos-fessiers-gembloux-3.jpg\" alt=\"\" class=\"wp-image-267\" srcset=\"https:\/\/www.silhouette-danse.be\/wp-content\/uploads\/2025\/04\/abdos-fessiers-gembloux-3.jpg 500w, https:\/\/www.silhouette-danse.be\/wp-content\/uploads\/2025\/04\/abdos-fessiers-gembloux-3-300x300.jpg 300w, https:\/\/www.silhouette-danse.be\/wp-content\/uploads\/2025\/04\/abdos-fessiers-gembloux-3-400x400.jpg 400w\" sizes=\"auto, (max-width: 500px) 100vw, 500px\" \/><\/figure>\n<\/figure>\n\n\n\n<p><strong>Pour raffermir le corps et&nbsp;perdre des centim\u00e8tres<\/strong><br>Un programme efficace, une pro pour vous guider et une ambiance de cours relax et sympa.<br>Soyez r\u00e9guli\u00e8re 8 semaines,  \ud83c\udf38vous deviendrez \u00ab\u00a0CAF addict\u00a0\u00bb\ud83c\udf38<br>Le programme reprend en septembre et en janvier mais vous pouvez rejoindre le cours \u00e0 tout moment, il faudra juste adapter un peu, faire plus de pauses<\/p>\n\n\n\n<figure class=\"wp-block-gallery has-nested-images columns-default is-cropped wp-block-gallery-3 is-layout-flex wp-block-gallery-is-layout-flex\">\n<figure class=\"wp-block-image size-large\"><img loading=\"lazy\" decoding=\"async\" width=\"500\" height=\"500\" data-id=\"268\" src=\"https:\/\/www.silhouette-danse.be\/wp-content\/uploads\/2025\/04\/abdos-fessiers-gembloux-4.jpg\" alt=\"\" class=\"wp-image-268\" srcset=\"https:\/\/www.silhouette-danse.be\/wp-content\/uploads\/2025\/04\/abdos-fessiers-gembloux-4.jpg 500w, https:\/\/www.silhouette-danse.be\/wp-content\/uploads\/2025\/04\/abdos-fessiers-gembloux-4-300x300.jpg 300w, https:\/\/www.silhouette-danse.be\/wp-content\/uploads\/2025\/04\/abdos-fessiers-gembloux-4-400x400.jpg 400w\" sizes=\"auto, (max-width: 500px) 100vw, 500px\" \/><\/figure>\n<\/figure>\n\n\n\n<p><strong>C&rsquo;est quand ?\u00a0 C&rsquo;est o\u00f9 ?<\/strong> <br><br>Le dimanche \u00e0 Grand-Leez salle chez Nous 10h30<br>Le lundi \u00e0 Chastre Espace 2000 19h15<br>Le mercredi \u00e0 Grand-Leez salle chez Nous 19h15\u00a0<br>Le jeudi \u00e0 Chastre salle Tensoul 19h30\u00a0<br>Le vendredi \u00e0 Grand-Leez salle Chez Nous 10h00<br><br>Plan sur la page\u00a0<a href=\"https:\/\/www.silhouette-danse.be\/index.php\/les-adresses\/\" data-type=\"page\" data-id=\"84\">Les adresses<\/a><br><br>La page <a href=\"https:\/\/www.silhouette-danse.be\/index.php\/agenda-conges\/\" data-type=\"page\" data-id=\"87\">Cong\u00e9s \u2013 Agenda<\/a> vous aidera \u00e0 planifier vos entra\u00eenements<br>Vive les cong\u00e9s mais &#8230; pendant l&rsquo;ann\u00e9e, on s&rsquo;en tient aux objectifs, c&rsquo;est la r\u00e9gularit\u00e9 qui apporte le r\u00e9sultat.<br><\/p>\n\n\n\n<figure class=\"wp-block-gallery has-nested-images columns-default is-cropped wp-block-gallery-4 is-layout-flex wp-block-gallery-is-layout-flex\">\n<figure class=\"wp-block-image size-large\"><img loading=\"lazy\" decoding=\"async\" width=\"500\" height=\"500\" data-id=\"292\" src=\"https:\/\/www.silhouette-danse.be\/wp-content\/uploads\/2025\/04\/pilates.jpg\" alt=\"\" class=\"wp-image-292\" srcset=\"https:\/\/www.silhouette-danse.be\/wp-content\/uploads\/2025\/04\/pilates.jpg 500w, https:\/\/www.silhouette-danse.be\/wp-content\/uploads\/2025\/04\/pilates-300x300.jpg 300w, https:\/\/www.silhouette-danse.be\/wp-content\/uploads\/2025\/04\/pilates-400x400.jpg 400w\" sizes=\"auto, (max-width: 500px) 100vw, 500px\" \/><\/figure>\n<\/figure>\n\n\n\n<p><strong>Que porter ?&nbsp;<\/strong><br>Une tenue confortable dans laquelle vous vous sentez bien, des baskets et vous voil\u00e0 pr\u00eate pour votre moment gym ! \ud83d\udcaa<br>&nbsp;<br><strong>Faut-il du mat\u00e9riel ?&nbsp;<\/strong><br>&#8211; Un tapis confortable c&rsquo;est pr\u00e9f\u00e9rable <br>&#8211; Un essuie pour s&rsquo;\u00e9ponger, parfois vous aurez envie de vous d\u00e9penser au maximum, d\u00e9passer vos limites <br>&#8211; Une bouteille d&rsquo;eau \ud83e\uded7<br>+ballon de paille, b\u00e2tons, lesters&nbsp;(ce n&rsquo;est pas obligatoire, rassurez vous &#8211; ils sont disponibles dans la salle mais si vous pr\u00e9f\u00e9rez votre mat\u00e9riel, pourquoi pas)<br>&nbsp;<br><strong>Comment s&rsquo;inscrire ?&nbsp;<\/strong><br>\ud83d\udcaeRien de plus simple, emballez vos affaires et rejoignez l&rsquo;\u00e9quipe directement \ud83d\udcae<br>Il faut juste se pr\u00e9senter quelques minutes avant le d\u00e9but du cours pour remplir vos coordonn\u00e9es.<br><br><strong>Combien \u00e7\u00e0 co\u00fbte ?<\/strong><br>Votre moment bonheur est \u00e0 7\u20ac en liquide <br>Si vous p\u00e9f\u00e9rez, des cartes de 10 s\u00e9ances sont disponibles pour ne pas s&rsquo;encombrer de monnaie <br>C&rsquo;est assez sympa, vous pouvez changer de cours comme vous voulez ! Il y a des cours tous les jours sauf le samedi. La carte n&rsquo;est jamais remboursable mais elle reste valable 3 mois.<\/p>\n\n\n\n<p><\/p>\n\n\n\n<p><mark style=\"background-color:#ffffff\" class=\"has-inline-color has-black-color\">La pratique d&rsquo;un sport n\u00e9cessite l&rsquo;accord de votre m\u00e9decin<\/mark><\/p>\n\n\n\n<div class=\"wp-block-media-text is-stacked-on-mobile\"><figure class=\"wp-block-media-text__media\"><img loading=\"lazy\" decoding=\"async\" width=\"400\" height=\"506\" src=\"https:\/\/www.fitness-et-danse-gembloux.be\/wp-content\/uploads\/2024\/04\/Fitness_catherine-4.jpg\" alt=\"\" class=\"wp-image-50 size-full\" srcset=\"https:\/\/www.silhouette-danse.be\/wp-content\/uploads\/2024\/04\/Fitness_catherine-4.jpg 400w, https:\/\/www.silhouette-danse.be\/wp-content\/uploads\/2024\/04\/Fitness_catherine-4-237x300.jpg 237w\" sizes=\"auto, (max-width: 400px) 100vw, 400px\" \/><\/figure><div class=\"wp-block-media-text__content\">\n<p><strong>Les avantages du cours CAF sont nombreux :<\/strong><\/p>\n\n\n\n<p>Cet entra\u00eenement diminuera vos probl\u00e8mes au niveau du&nbsp;dos,<br>vos articulations seront soulag\u00e9es puisque vos muscles&nbsp;auront plus de puissance<br>Votre posture sera am\u00e9lior\u00e9e gr\u00e2ce au travail effectu\u00e9 sur les diff\u00e9rentes parties des abdominaux dont les muscles profonds.<br>Les muscles du bas du corps seront longs et fermes.&nbsp;&nbsp;<br>Le m\u00e9tabolisme augmentera et les calories seront br\u00fbl\u00e9es, la lutte contre le surpoids sera engag\u00e9e.<br>Une meilleure sant\u00e9 osseuse fait partie des avantages&nbsp;<br>Fini les petites faiblesses, le corps tout entier est en bonne sant\u00e9.<br>Un moral au TOP garanti car notre silhouette s&rsquo;affine, on se sent mieux dans sa t\u00eate et dans son corps&nbsp;<\/p>\n<\/div><\/div>\n\n\n\n<p><\/p>\n","protected":false},"excerpt":{"rendered":"<p>C&rsquo;est quoi ?&nbsp;Un cours musculaire intensif pour les abdos, les fessiers, les jambes. Vous allez &hellip; <\/p>\n","protected":false},"author":1,"featured_media":0,"parent":0,"menu_order":0,"comment_status":"closed","ping_status":"closed","template":"","meta":{"footnotes":""},"class_list":["post-33","page","type-page","status-publish","hentry","latest_post"],"_links":{"self":[{"href":"https:\/\/www.silhouette-danse.be\/index.php\/wp-json\/wp\/v2\/pages\/33","targetHints":{"allow":["GET"]}}],"collection":[{"href":"https:\/\/www.silhouette-danse.be\/index.php\/wp-json\/wp\/v2\/pages"}],"about":[{"href":"https:\/\/www.silhouette-danse.be\/index.php\/wp-json\/wp\/v2\/types\/page"}],"author":[{"embeddable":true,"href":"https:\/\/www.silhouette-danse.be\/index.php\/wp-json\/wp\/v2\/users\/1"}],"replies":[{"embeddable":true,"href":"https:\/\/www.silhouette-danse.be\/index.php\/wp-json\/wp\/v2\/comments?post=33"}],"version-history":[{"count":25,"href":"https:\/\/www.silhouette-danse.be\/index.php\/wp-json\/wp\/v2\/pages\/33\/revisions"}],"predecessor-version":[{"id":400,"href":"https:\/\/www.silhouette-danse.be\/index.php\/wp-json\/wp\/v2\/pages\/33\/revisions\/400"}],"wp:attachment":[{"href":"https:\/\/www.silhouette-danse.be\/index.php\/wp-json\/wp\/v2\/media?parent=33"}],"curies":[{"name":"wp","href":"https:\/\/api.w.org\/{rel}","templated":true}]}}